{"id":621,"date":"2019-04-17T10:04:40","date_gmt":"2019-04-17T10:04:40","guid":{"rendered":"http:\/\/rannakuteraapia.ee\/test\/about\/"},"modified":"2021-12-12T00:55:05","modified_gmt":"2021-12-12T00:55:05","slug":"about","status":"publish","type":"page","link":"https:\/\/www.rannakuteraapia.ee\/test\/about\/","title":{"rendered":"Saame tuttavaks"},"content":{"rendered":"\t\t<div data-elementor-type=\"wp-post\" data-elementor-id=\"621\" class=\"elementor elementor-621\">\n\t\t\t\t\t\t<section class=\"elementor-section elementor-top-section elementor-element elementor-element-13a93292 elementor-section-boxed elementor-section-height-default elementor-section-height-default\" data-id=\"13a93292\" data-element_type=\"section\" data-e-type=\"section\" data-settings=\"{&quot;background_background&quot;:&quot;classic&quot;}\">\n\t\t\t\t\t\t\t<div class=\"elementor-background-overlay\"><\/div>\n\t\t\t\t\t\t\t<div class=\"elementor-container elementor-column-gap-default\">\n\t\t\t\t\t<div class=\"elementor-column elementor-col-100 elementor-top-column elementor-element elementor-element-25748b2d\" data-id=\"25748b2d\" data-element_type=\"column\" data-e-type=\"column\">\n\t\t\t<div class=\"elementor-widget-wrap elementor-element-populated\">\n\t\t\t\t\t\t<div class=\"elementor-element elementor-element-5d2017a elementor-widget-divider--view-line_icon elementor-widget-divider--separator-type-pattern elementor-view-default elementor-widget-divider--element-align-center elementor-widget elementor-widget-divider\" data-id=\"5d2017a\" data-element_type=\"widget\" data-e-type=\"widget\" data-widget_type=\"divider.default\">\n\t\t\t\t<div class=\"elementor-widget-container\">\n\t\t\t\t\t\t\t<div class=\"elementor-divider\" style=\"--divider-pattern-url: url(&quot;data:image\/svg+xml,%3Csvg xmlns=&#039;http:\/\/www.w3.org\/2000\/svg&#039; preserveAspectRatio=&#039;none&#039; overflow=&#039;visible&#039; height=&#039;100%&#039; viewBox=&#039;0 0 24 24&#039; fill=&#039;none&#039; stroke=&#039;black&#039; stroke-width=&#039;2.8&#039; stroke-linecap=&#039;square&#039; stroke-miterlimit=&#039;10&#039;%3E%3Cpath d=&#039;M0,6c6,0,0.9,11.1,6.9,11.1S18,6,24,6&#039;\/%3E%3C\/svg%3E&quot;);\">\n\t\t\t<span class=\"elementor-divider-separator\">\n\t\t\t\t\t\t\t<div class=\"elementor-icon elementor-divider__element\">\n\t\t\t\t\t<i aria-hidden=\"true\" class=\"fas fa-hand-holding-heart\"><\/i><\/div>\n\t\t\t\t\t\t<\/span>\n\t\t<\/div>\n\t\t\t\t\t\t<\/div>\n\t\t\t\t<\/div>\n\t\t\t\t<div class=\"elementor-element elementor-element-253d822f elementor-widget elementor-widget-heading\" data-id=\"253d822f\" data-element_type=\"widget\" data-e-type=\"widget\" data-widget_type=\"heading.default\">\n\t\t\t\t<div class=\"elementor-widget-container\">\n\t\t\t\t\t<h2 class=\"elementor-heading-title elementor-size-large\">Tere, mina olen Nida - r\u00e4nnakumeetodi praktik, terpeut ja koolitaja.<\/h2>\t\t\t\t<\/div>\n\t\t\t\t<\/div>\n\t\t\t\t\t<\/div>\n\t\t<\/div>\n\t\t\t\t\t<\/div>\n\t\t<\/section>\n\t\t\t\t<section class=\"elementor-section elementor-top-section elementor-element elementor-element-758d8c04 elementor-section-content-middle elementor-section-boxed elementor-section-height-default elementor-section-height-default\" data-id=\"758d8c04\" data-element_type=\"section\" data-e-type=\"section\">\n\t\t\t\t\t\t<div class=\"elementor-container elementor-column-gap-wide\">\n\t\t\t\t\t<div class=\"elementor-column elementor-col-33 elementor-top-column elementor-element elementor-element-43ba58ae\" data-id=\"43ba58ae\" data-element_type=\"column\" data-e-type=\"column\">\n\t\t\t<div class=\"elementor-widget-wrap elementor-element-populated\">\n\t\t\t\t\t\t<div class=\"elementor-element elementor-element-82f9958 elementor-widget elementor-widget-image\" data-id=\"82f9958\" data-element_type=\"widget\" data-e-type=\"widget\" data-widget_type=\"image.default\">\n\t\t\t\t<div class=\"elementor-widget-container\">\n\t\t\t\t\t\t\t\t\t\t\t\t\t\t\t<img fetchpriority=\"high\" decoding=\"async\" width=\"684\" height=\"1024\" src=\"https:\/\/www.rannakuteraapia.ee\/test\/wp-content\/uploads\/2021\/05\/Nida_esimesed-6-684x1024.jpg\" class=\"attachment-large size-large wp-image-47\" alt=\"r\u00e4nnakuteraapia \u0161amanism terapeut r\u00e4nnak \u0161amaanir\u00e4nnak trumm trummir\u00e4nnak\" srcset=\"https:\/\/www.rannakuteraapia.ee\/test\/wp-content\/uploads\/2021\/05\/Nida_esimesed-6-684x1024.jpg 684w, https:\/\/www.rannakuteraapia.ee\/test\/wp-content\/uploads\/2021\/05\/Nida_esimesed-6-600x899.jpg 600w, https:\/\/www.rannakuteraapia.ee\/test\/wp-content\/uploads\/2021\/05\/Nida_esimesed-6-200x300.jpg 200w, https:\/\/www.rannakuteraapia.ee\/test\/wp-content\/uploads\/2021\/05\/Nida_esimesed-6-768x1150.jpg 768w, https:\/\/www.rannakuteraapia.ee\/test\/wp-content\/uploads\/2021\/05\/Nida_esimesed-6-1026x1536.jpg 1026w, https:\/\/www.rannakuteraapia.ee\/test\/wp-content\/uploads\/2021\/05\/Nida_esimesed-6-1368x2048.jpg 1368w, https:\/\/www.rannakuteraapia.ee\/test\/wp-content\/uploads\/2021\/05\/Nida_esimesed-6-830x1243.jpg 830w, https:\/\/www.rannakuteraapia.ee\/test\/wp-content\/uploads\/2021\/05\/Nida_esimesed-6-230x344.jpg 230w, https:\/\/www.rannakuteraapia.ee\/test\/wp-content\/uploads\/2021\/05\/Nida_esimesed-6-350x524.jpg 350w, https:\/\/www.rannakuteraapia.ee\/test\/wp-content\/uploads\/2021\/05\/Nida_esimesed-6-480x719.jpg 480w, https:\/\/www.rannakuteraapia.ee\/test\/wp-content\/uploads\/2021\/05\/Nida_esimesed-6.jpg 1415w\" sizes=\"(max-width: 684px) 100vw, 684px\" \/>\t\t\t\t\t\t\t\t\t\t\t\t\t\t\t<\/div>\n\t\t\t\t<\/div>\n\t\t\t\t\t<\/div>\n\t\t<\/div>\n\t\t\t\t<div class=\"elementor-column elementor-col-66 elementor-top-column elementor-element elementor-element-15249d1d\" data-id=\"15249d1d\" data-element_type=\"column\" data-e-type=\"column\">\n\t\t\t<div class=\"elementor-widget-wrap elementor-element-populated\">\n\t\t\t\t\t\t<div class=\"elementor-element elementor-element-13a9b180 elementor-widget elementor-widget-text-editor\" data-id=\"13a9b180\" data-element_type=\"widget\" data-e-type=\"widget\" data-widget_type=\"text-editor.default\">\n\t\t\t\t<div class=\"elementor-widget-container\">\n\t\t\t\t\t\t\t\t\t<p>Mul on siiras r\u00f5\u00f5m, et oled siia j\u00f5udnud. Et Sinu usaldus minu vastu saaks kasvada ja saaksid tunnetada, kuidas meie koost\u00f6\u00f6 v\u00f5iks Sulle panustada, siis r\u00e4\u00e4gin m\u00f5ne s\u00f5naga enda arenguteest, \u00f5pingutest ja v\u00e4\u00e4rtustest.<\/p><p>Olen R\u00e4nnakuterapeut, kelle kutsumuseks on hinge tervendamine ja seel\u00e4bi igas inimeses s\u00e4rava teemanti v\u00e4ljatoomine. Tervendamise ja spirituaalsuse vastu olen huvi tundnud juba \u00fcle 20 aasta, millest viimased 10 aastat olen p\u00fchendanud ka sihip\u00e4rastele \u00f5pingutele. Terapeudi kutse omandasin 2014-2017 rahvusvahelise \u00f5ppekava The Journey Practitioner (R\u00e4nnakuterapeut) k\u00e4igus l\u00e4bides erinevaid koolitusmooduleid ja retriite Eestis, Hollandis ja Indias. Enne seda l\u00f5petasin\u00a0 Universuse kooli teemal \u201cTegelike v\u00f5imete avastamine. Enda ja teiste tervendamine.\u201d Iika keskuse s\u00fcva\u00f5ppes olen \u00f5ppinud avama ja kasutama veelgi enam oma selgeltn\u00e4gija v\u00f5imeid. Lisaks olen l\u00e4binud arvukalt teisi koolitusi\/\u00f5ppep\u00e4evi erinevatel teemadel nt reiki, kristalliteraapia, kristallireiki, laste \u00e4rksameelsuse \u00e4ratamine, transpersonaalne ps\u00fchholoogia, coaching, supervisoon, kovisioon, \u0161amanistlik tervendamine, vibroakustiline massaa\u017e, heliteraapia, tervendava aia rajamine, taimeravi, tantristlikud praktikad, erinevad naise tervisele suunatud tervendusmeetodid jne.<\/p><p>Hetkel olen enda teadmisi t\u00e4iendamas Herbaticumis, et veelgi s\u00fcgavamalt m\u00f5ista taimede energeetilisi s\u00f5numeid ja tervendavat v\u00e4ge ning tuua need oskused ka nende armaste hingedeni, keda tee minu teraapiateni juhatab.<\/p><p>Individiaalsete teraapiasensside k\u00e4igus aitan leida sisemist harmooniat, j\u00f5uda l\u00e4hemale oma elueesm\u00e4rgile, terveneda f\u00fc\u00fcsilistest haigustest ning hingeh\u00e4dadest. Maagilised rituaalid ning loodus- ja kaitsevaimudega suhtlemine on loomulik osa minu igap\u00e4evast. Minu loitsud s\u00fcnnivad inspireerituna loodusj\u00f5ududest, p\u00f6\u00f6rip\u00e4evadest, kuust ja p\u00e4ikesest, emakesest Maast. Samuti saadavad minu tegemisi v\u00e4ekad kaaslased &#8211; taro kaardid, \u0161amaanitrumm ja Tiibeti laulvad kausid<\/p>\t\t\t\t\t\t\t\t<\/div>\n\t\t\t\t<\/div>\n\t\t\t\t\t<\/div>\n\t\t<\/div>\n\t\t\t\t\t<\/div>\n\t\t<\/section>\n\t\t\t\t<section class=\"elementor-section elementor-top-section elementor-element elementor-element-16793481 elementor-section-height-min-height elementor-section-items-stretch elementor-section-content-top elementor-section-boxed elementor-section-height-default\" data-id=\"16793481\" data-element_type=\"section\" data-e-type=\"section\" data-settings=\"{&quot;background_background&quot;:&quot;gradient&quot;,&quot;shape_divider_bottom&quot;:&quot;curve&quot;,&quot;shape_divider_top&quot;:&quot;tilt&quot;}\">\n\t\t\t\t\t\t\t<div class=\"elementor-background-overlay\"><\/div>\n\t\t\t\t\t\t<div class=\"elementor-shape elementor-shape-top\" aria-hidden=\"true\" data-negative=\"false\">\n\t\t\t<svg xmlns=\"http:\/\/www.w3.org\/2000\/svg\" viewBox=\"0 0 1000 100\" preserveAspectRatio=\"none\">\n\t<path class=\"elementor-shape-fill\" d=\"M0,6V0h1000v100L0,6z\"\/>\n<\/svg>\t\t<\/div>\n\t\t\t\t<div class=\"elementor-shape elementor-shape-bottom\" aria-hidden=\"true\" data-negative=\"false\">\n\t\t\t<svg xmlns=\"http:\/\/www.w3.org\/2000\/svg\" viewBox=\"0 0 1000 100\" preserveAspectRatio=\"none\">\n    <path class=\"elementor-shape-fill\" d=\"M1000,4.3V0H0v4.3C0.9,23.1,126.7,99.2,500,100S1000,22.7,1000,4.3z\"\/>\n<\/svg>\t\t<\/div>\n\t\t\t\t\t<div class=\"elementor-container elementor-column-gap-default\">\n\t\t\t\t\t<div class=\"elementor-column elementor-col-100 elementor-top-column elementor-element elementor-element-14115da3\" data-id=\"14115da3\" data-element_type=\"column\" data-e-type=\"column\">\n\t\t\t<div class=\"elementor-widget-wrap elementor-element-populated\">\n\t\t\t\t\t\t<div class=\"elementor-element elementor-element-715f2c0 elementor-widget-divider--view-line_icon elementor-widget-divider--separator-type-pattern elementor-view-default elementor-widget-divider--element-align-center elementor-widget elementor-widget-divider\" data-id=\"715f2c0\" data-element_type=\"widget\" data-e-type=\"widget\" data-widget_type=\"divider.default\">\n\t\t\t\t<div class=\"elementor-widget-container\">\n\t\t\t\t\t\t\t<div class=\"elementor-divider\" style=\"--divider-pattern-url: url(&quot;data:image\/svg+xml,%3Csvg xmlns=&#039;http:\/\/www.w3.org\/2000\/svg&#039; preserveAspectRatio=&#039;none&#039; overflow=&#039;visible&#039; height=&#039;100%&#039; viewBox=&#039;0 0 24 24&#039; fill=&#039;none&#039; stroke=&#039;black&#039; stroke-width=&#039;2.8&#039; stroke-linecap=&#039;square&#039; stroke-miterlimit=&#039;10&#039;%3E%3Cpath d=&#039;M0,6c6,0,0.9,11.1,6.9,11.1S18,6,24,6&#039;\/%3E%3C\/svg%3E&quot;);\">\n\t\t\t<span class=\"elementor-divider-separator\">\n\t\t\t\t\t\t\t<div class=\"elementor-icon elementor-divider__element\">\n\t\t\t\t\t<i aria-hidden=\"true\" class=\"fas fa-hand-holding-heart\"><\/i><\/div>\n\t\t\t\t\t\t<\/span>\n\t\t<\/div>\n\t\t\t\t\t\t<\/div>\n\t\t\t\t<\/div>\n\t\t\t\t<div class=\"elementor-element elementor-element-29baaefc elementor-widget elementor-widget-heading\" data-id=\"29baaefc\" data-element_type=\"widget\" data-e-type=\"widget\" data-widget_type=\"heading.default\">\n\t\t\t\t<div class=\"elementor-widget-container\">\n\t\t\t\t\t<h2 class=\"elementor-heading-title elementor-size-large\">Minu v\u00e4\u00e4rtused<\/h2>\t\t\t\t<\/div>\n\t\t\t\t<\/div>\n\t\t\t\t\t<\/div>\n\t\t<\/div>\n\t\t\t\t\t<\/div>\n\t\t<\/section>\n\t\t\t\t<section class=\"elementor-section elementor-top-section elementor-element elementor-element-401939fb elementor-section-boxed elementor-section-height-default elementor-section-height-default\" data-id=\"401939fb\" data-element_type=\"section\" data-e-type=\"section\">\n\t\t\t\t\t\t<div class=\"elementor-container elementor-column-gap-default\">\n\t\t\t\t\t<div class=\"elementor-column elementor-col-100 elementor-top-column elementor-element elementor-element-6ef516d5\" data-id=\"6ef516d5\" data-element_type=\"column\" data-e-type=\"column\">\n\t\t\t<div class=\"elementor-widget-wrap elementor-element-populated\">\n\t\t\t\t\t\t<div class=\"elementor-element elementor-element-2831d40 elementor-widget-divider--view-line_icon elementor-widget-divider--separator-type-pattern elementor-view-default elementor-widget-divider--element-align-center elementor-widget elementor-widget-divider\" data-id=\"2831d40\" data-element_type=\"widget\" data-e-type=\"widget\" data-widget_type=\"divider.default\">\n\t\t\t\t<div class=\"elementor-widget-container\">\n\t\t\t\t\t\t\t<div class=\"elementor-divider\" style=\"--divider-pattern-url: url(&quot;data:image\/svg+xml,%3Csvg xmlns=&#039;http:\/\/www.w3.org\/2000\/svg&#039; preserveAspectRatio=&#039;none&#039; overflow=&#039;visible&#039; height=&#039;100%&#039; viewBox=&#039;0 0 24 24&#039; fill=&#039;none&#039; stroke=&#039;black&#039; stroke-width=&#039;2.8&#039; stroke-linecap=&#039;square&#039; stroke-miterlimit=&#039;10&#039;%3E%3Cpath d=&#039;M0,6c6,0,0.9,11.1,6.9,11.1S18,6,24,6&#039;\/%3E%3C\/svg%3E&quot;);\">\n\t\t\t<span class=\"elementor-divider-separator\">\n\t\t\t\t\t\t\t<div class=\"elementor-icon elementor-divider__element\">\n\t\t\t\t\t<i aria-hidden=\"true\" class=\"fas fa-hand-holding-heart\"><\/i><\/div>\n\t\t\t\t\t\t<\/span>\n\t\t<\/div>\n\t\t\t\t\t\t<\/div>\n\t\t\t\t<\/div>\n\t\t\t\t<div class=\"elementor-element elementor-element-7b312b02 elementor-widget elementor-widget-heading\" data-id=\"7b312b02\" data-element_type=\"widget\" data-e-type=\"widget\" data-widget_type=\"heading.default\">\n\t\t\t\t<div class=\"elementor-widget-container\">\n\t\t\t\t\t<h2 class=\"elementor-heading-title elementor-size-large\">Kuidas mina saan Sind aidata?<\/h2>\t\t\t\t<\/div>\n\t\t\t\t<\/div>\n\t\t\t\t\t<\/div>\n\t\t<\/div>\n\t\t\t\t\t<\/div>\n\t\t<\/section>\n\t\t\t\t<section class=\"elementor-section elementor-top-section elementor-element elementor-element-9fbd155 elementor-section-boxed elementor-section-height-default elementor-section-height-default\" data-id=\"9fbd155\" data-element_type=\"section\" data-e-type=\"section\">\n\t\t\t\t\t\t<div class=\"elementor-container elementor-column-gap-default\">\n\t\t\t\t\t<div class=\"elementor-column elementor-col-33 elementor-top-column elementor-element elementor-element-43af63f\" data-id=\"43af63f\" data-element_type=\"column\" data-e-type=\"column\">\n\t\t\t<div class=\"elementor-widget-wrap\">\n\t\t\t\t\t\t\t<\/div>\n\t\t<\/div>\n\t\t\t\t<div class=\"elementor-column elementor-col-33 elementor-top-column elementor-element elementor-element-7b27534\" data-id=\"7b27534\" data-element_type=\"column\" data-e-type=\"column\">\n\t\t\t<div class=\"elementor-widget-wrap\">\n\t\t\t\t\t\t\t<\/div>\n\t\t<\/div>\n\t\t\t\t<div class=\"elementor-column elementor-col-33 elementor-top-column elementor-element elementor-element-0ca0226\" data-id=\"0ca0226\" data-element_type=\"column\" data-e-type=\"column\">\n\t\t\t<div class=\"elementor-widget-wrap\">\n\t\t\t\t\t\t\t<\/div>\n\t\t<\/div>\n\t\t\t\t\t<\/div>\n\t\t<\/section>\n\t\t\t\t<\/div>\n\t\t","protected":false},"excerpt":{"rendered":"<p>Tere, mina olen Nida &#8211; r\u00e4nnakumeetodi praktik, terpeut ja koolitaja. Mul on siiras r\u00f5\u00f5m, et oled siia j\u00f5udnud. Et Sinu usaldus minu vastu saaks kasvada ja saaksid tunnetada, kuidas meie koost\u00f6\u00f6 v\u00f5iks Sulle panustada, siis r\u00e4\u00e4gin m\u00f5ne s\u00f5naga enda arenguteest, \u00f5pingutest ja v\u00e4\u00e4rtustest. Olen R\u00e4nnakuterapeut, kelle kutsumuseks on hinge tervendamine ja seel\u00e4bi igas inimeses s\u00e4rava &hellip;<\/p>\n<p class=\"read-more\"> <a class=\"\" href=\"https:\/\/www.rannakuteraapia.ee\/test\/about\/\"> <span class=\"screen-reader-text\">Saame tuttavaks<\/span> Read More &raquo;<\/a><\/p>\n","protected":false},"author":1,"featured_media":0,"parent":0,"menu_order":0,"comment_status":"closed","ping_status":"closed","template":"","meta":{"footnotes":""},"class_list":["post-621","page","type-page","status-publish","hentry"],"yoast_head":"<!-- This site is optimized with the Yoast SEO plugin v27.3 - https:\/\/yoast.com\/product\/yoast-seo-wordpress\/ -->\n<title>Saame tuttavaks - R\u00c4NNAKUTERAAPIA<\/title>\n<meta name=\"robots\" content=\"index, follow, max-snippet:-1, max-image-preview:large, max-video-preview:-1\" \/>\n<link rel=\"canonical\" href=\"https:\/\/www.rannakuteraapia.ee\/test\/about\/\" \/>\n<meta property=\"og:locale\" content=\"et_EE\" \/>\n<meta property=\"og:type\" content=\"article\" \/>\n<meta property=\"og:title\" content=\"Saame tuttavaks - R\u00c4NNAKUTERAAPIA\" \/>\n<meta property=\"og:description\" content=\"Tere, mina olen Nida &#8211; r\u00e4nnakumeetodi praktik, terpeut ja koolitaja. Mul on siiras r\u00f5\u00f5m, et oled siia j\u00f5udnud. Et Sinu usaldus minu vastu saaks kasvada ja saaksid tunnetada, kuidas meie koost\u00f6\u00f6 v\u00f5iks Sulle panustada, siis r\u00e4\u00e4gin m\u00f5ne s\u00f5naga enda arenguteest, \u00f5pingutest ja v\u00e4\u00e4rtustest. Olen R\u00e4nnakuterapeut, kelle kutsumuseks on hinge tervendamine ja seel\u00e4bi igas inimeses s\u00e4rava &hellip; Saame tuttavaks Read More &raquo;\" \/>\n<meta property=\"og:url\" content=\"https:\/\/www.rannakuteraapia.ee\/test\/about\/\" \/>\n<meta property=\"og:site_name\" content=\"R\u00c4NNAKUTERAAPIA\" \/>\n<meta property=\"article:modified_time\" content=\"2021-12-12T00:55:05+00:00\" \/>\n<meta property=\"og:image\" content=\"https:\/\/www.rannakuteraapia.ee\/test\/wp-content\/uploads\/2021\/05\/Nida_esimesed-6-684x1024.jpg\" \/>\n<meta name=\"twitter:card\" content=\"summary_large_image\" \/>\n<meta name=\"twitter:label1\" content=\"Est. reading time\" \/>\n\t<meta name=\"twitter:data1\" content=\"2 minutit\" \/>\n<script type=\"application\/ld+json\" class=\"yoast-schema-graph\">{\"@context\":\"https:\\\/\\\/schema.org\",\"@graph\":[{\"@type\":\"WebPage\",\"@id\":\"https:\\\/\\\/www.rannakuteraapia.ee\\\/test\\\/about\\\/\",\"url\":\"https:\\\/\\\/www.rannakuteraapia.ee\\\/test\\\/about\\\/\",\"name\":\"Saame tuttavaks - R\u00c4NNAKUTERAAPIA\",\"isPartOf\":{\"@id\":\"https:\\\/\\\/www.rannakuteraapia.ee\\\/test\\\/#website\"},\"primaryImageOfPage\":{\"@id\":\"https:\\\/\\\/www.rannakuteraapia.ee\\\/test\\\/about\\\/#primaryimage\"},\"image\":{\"@id\":\"https:\\\/\\\/www.rannakuteraapia.ee\\\/test\\\/about\\\/#primaryimage\"},\"thumbnailUrl\":\"http:\\\/\\\/www.rannakuteraapia.ee\\\/test\\\/wp-content\\\/uploads\\\/2021\\\/05\\\/Nida_esimesed-6-684x1024.jpg\",\"datePublished\":\"2019-04-17T10:04:40+00:00\",\"dateModified\":\"2021-12-12T00:55:05+00:00\",\"breadcrumb\":{\"@id\":\"https:\\\/\\\/www.rannakuteraapia.ee\\\/test\\\/about\\\/#breadcrumb\"},\"inLanguage\":\"et\",\"potentialAction\":[{\"@type\":\"ReadAction\",\"target\":[\"https:\\\/\\\/www.rannakuteraapia.ee\\\/test\\\/about\\\/\"]}]},{\"@type\":\"ImageObject\",\"inLanguage\":\"et\",\"@id\":\"https:\\\/\\\/www.rannakuteraapia.ee\\\/test\\\/about\\\/#primaryimage\",\"url\":\"http:\\\/\\\/www.rannakuteraapia.ee\\\/test\\\/wp-content\\\/uploads\\\/2021\\\/05\\\/Nida_esimesed-6-684x1024.jpg\",\"contentUrl\":\"http:\\\/\\\/www.rannakuteraapia.ee\\\/test\\\/wp-content\\\/uploads\\\/2021\\\/05\\\/Nida_esimesed-6-684x1024.jpg\"},{\"@type\":\"BreadcrumbList\",\"@id\":\"https:\\\/\\\/www.rannakuteraapia.ee\\\/test\\\/about\\\/#breadcrumb\",\"itemListElement\":[{\"@type\":\"ListItem\",\"position\":1,\"name\":\"Home\",\"item\":\"https:\\\/\\\/www.rannakuteraapia.ee\\\/test\\\/\"},{\"@type\":\"ListItem\",\"position\":2,\"name\":\"Saame tuttavaks\"}]},{\"@type\":\"WebSite\",\"@id\":\"https:\\\/\\\/www.rannakuteraapia.ee\\\/test\\\/#website\",\"url\":\"https:\\\/\\\/www.rannakuteraapia.ee\\\/test\\\/\",\"name\":\"R\u00c4NNAKUTERAAPIA\",\"description\":\"Tervendavad r\u00e4nnakud sisemaailma\",\"publisher\":{\"@id\":\"https:\\\/\\\/www.rannakuteraapia.ee\\\/test\\\/#organization\"},\"potentialAction\":[{\"@type\":\"SearchAction\",\"target\":{\"@type\":\"EntryPoint\",\"urlTemplate\":\"https:\\\/\\\/www.rannakuteraapia.ee\\\/test\\\/?s={search_term_string}\"},\"query-input\":{\"@type\":\"PropertyValueSpecification\",\"valueRequired\":true,\"valueName\":\"search_term_string\"}}],\"inLanguage\":\"et\"},{\"@type\":\"Organization\",\"@id\":\"https:\\\/\\\/www.rannakuteraapia.ee\\\/test\\\/#organization\",\"name\":\"R\u00c4NNAKUTERAAPIA\",\"url\":\"https:\\\/\\\/www.rannakuteraapia.ee\\\/test\\\/\",\"logo\":{\"@type\":\"ImageObject\",\"inLanguage\":\"et\",\"@id\":\"https:\\\/\\\/www.rannakuteraapia.ee\\\/test\\\/#\\\/schema\\\/logo\\\/image\\\/\",\"url\":\"https:\\\/\\\/www.rannakuteraapia.ee\\\/test\\\/wp-content\\\/uploads\\\/2019\\\/04\\\/life-coach-flower-logo.png\",\"contentUrl\":\"https:\\\/\\\/www.rannakuteraapia.ee\\\/test\\\/wp-content\\\/uploads\\\/2019\\\/04\\\/life-coach-flower-logo.png\",\"width\":60,\"height\":68,\"caption\":\"R\u00c4NNAKUTERAAPIA\"},\"image\":{\"@id\":\"https:\\\/\\\/www.rannakuteraapia.ee\\\/test\\\/#\\\/schema\\\/logo\\\/image\\\/\"}}]}<\/script>\n<!-- \/ Yoast SEO plugin. -->","yoast_head_json":{"title":"Saame tuttavaks - R\u00c4NNAKUTERAAPIA","robots":{"index":"index","follow":"follow","max-snippet":"max-snippet:-1","max-image-preview":"max-image-preview:large","max-video-preview":"max-video-preview:-1"},"canonical":"https:\/\/www.rannakuteraapia.ee\/test\/about\/","og_locale":"et_EE","og_type":"article","og_title":"Saame tuttavaks - R\u00c4NNAKUTERAAPIA","og_description":"Tere, mina olen Nida &#8211; r\u00e4nnakumeetodi praktik, terpeut ja koolitaja. Mul on siiras r\u00f5\u00f5m, et oled siia j\u00f5udnud. Et Sinu usaldus minu vastu saaks kasvada ja saaksid tunnetada, kuidas meie koost\u00f6\u00f6 v\u00f5iks Sulle panustada, siis r\u00e4\u00e4gin m\u00f5ne s\u00f5naga enda arenguteest, \u00f5pingutest ja v\u00e4\u00e4rtustest. Olen R\u00e4nnakuterapeut, kelle kutsumuseks on hinge tervendamine ja seel\u00e4bi igas inimeses s\u00e4rava &hellip; Saame tuttavaks Read More &raquo;","og_url":"https:\/\/www.rannakuteraapia.ee\/test\/about\/","og_site_name":"R\u00c4NNAKUTERAAPIA","article_modified_time":"2021-12-12T00:55:05+00:00","og_image":[{"url":"https:\/\/www.rannakuteraapia.ee\/test\/wp-content\/uploads\/2021\/05\/Nida_esimesed-6-684x1024.jpg","type":"","width":"","height":""}],"twitter_card":"summary_large_image","twitter_misc":{"Est. reading time":"2 minutit"},"schema":{"@context":"https:\/\/schema.org","@graph":[{"@type":"WebPage","@id":"https:\/\/www.rannakuteraapia.ee\/test\/about\/","url":"https:\/\/www.rannakuteraapia.ee\/test\/about\/","name":"Saame tuttavaks - R\u00c4NNAKUTERAAPIA","isPartOf":{"@id":"https:\/\/www.rannakuteraapia.ee\/test\/#website"},"primaryImageOfPage":{"@id":"https:\/\/www.rannakuteraapia.ee\/test\/about\/#primaryimage"},"image":{"@id":"https:\/\/www.rannakuteraapia.ee\/test\/about\/#primaryimage"},"thumbnailUrl":"https:\/\/www.rannakuteraapia.ee\/test\/wp-content\/uploads\/2021\/05\/Nida_esimesed-6-684x1024.jpg","datePublished":"2019-04-17T10:04:40+00:00","dateModified":"2021-12-12T00:55:05+00:00","breadcrumb":{"@id":"https:\/\/www.rannakuteraapia.ee\/test\/about\/#breadcrumb"},"inLanguage":"et","potentialAction":[{"@type":"ReadAction","target":["https:\/\/www.rannakuteraapia.ee\/test\/about\/"]}]},{"@type":"ImageObject","inLanguage":"et","@id":"https:\/\/www.rannakuteraapia.ee\/test\/about\/#primaryimage","url":"https:\/\/www.rannakuteraapia.ee\/test\/wp-content\/uploads\/2021\/05\/Nida_esimesed-6-684x1024.jpg","contentUrl":"https:\/\/www.rannakuteraapia.ee\/test\/wp-content\/uploads\/2021\/05\/Nida_esimesed-6-684x1024.jpg"},{"@type":"BreadcrumbList","@id":"https:\/\/www.rannakuteraapia.ee\/test\/about\/#breadcrumb","itemListElement":[{"@type":"ListItem","position":1,"name":"Home","item":"https:\/\/www.rannakuteraapia.ee\/test\/"},{"@type":"ListItem","position":2,"name":"Saame tuttavaks"}]},{"@type":"WebSite","@id":"https:\/\/www.rannakuteraapia.ee\/test\/#website","url":"https:\/\/www.rannakuteraapia.ee\/test\/","name":"R\u00c4NNAKUTERAAPIA","description":"Tervendavad r\u00e4nnakud sisemaailma","publisher":{"@id":"https:\/\/www.rannakuteraapia.ee\/test\/#organization"},"potentialAction":[{"@type":"SearchAction","target":{"@type":"EntryPoint","urlTemplate":"https:\/\/www.rannakuteraapia.ee\/test\/?s={search_term_string}"},"query-input":{"@type":"PropertyValueSpecification","valueRequired":true,"valueName":"search_term_string"}}],"inLanguage":"et"},{"@type":"Organization","@id":"https:\/\/www.rannakuteraapia.ee\/test\/#organization","name":"R\u00c4NNAKUTERAAPIA","url":"https:\/\/www.rannakuteraapia.ee\/test\/","logo":{"@type":"ImageObject","inLanguage":"et","@id":"https:\/\/www.rannakuteraapia.ee\/test\/#\/schema\/logo\/image\/","url":"https:\/\/www.rannakuteraapia.ee\/test\/wp-content\/uploads\/2019\/04\/life-coach-flower-logo.png","contentUrl":"https:\/\/www.rannakuteraapia.ee\/test\/wp-content\/uploads\/2019\/04\/life-coach-flower-logo.png","width":60,"height":68,"caption":"R\u00c4NNAKUTERAAPIA"},"image":{"@id":"https:\/\/www.rannakuteraapia.ee\/test\/#\/schema\/logo\/image\/"}}]}},"_links":{"self":[{"href":"https:\/\/www.rannakuteraapia.ee\/test\/wp-json\/wp\/v2\/pages\/621","targetHints":{"allow":["GET"]}}],"collection":[{"href":"https:\/\/www.rannakuteraapia.ee\/test\/wp-json\/wp\/v2\/pages"}],"about":[{"href":"https:\/\/www.rannakuteraapia.ee\/test\/wp-json\/wp\/v2\/types\/page"}],"author":[{"embeddable":true,"href":"https:\/\/www.rannakuteraapia.ee\/test\/wp-json\/wp\/v2\/users\/1"}],"replies":[{"embeddable":true,"href":"https:\/\/www.rannakuteraapia.ee\/test\/wp-json\/wp\/v2\/comments?post=621"}],"version-history":[{"count":5,"href":"https:\/\/www.rannakuteraapia.ee\/test\/wp-json\/wp\/v2\/pages\/621\/revisions"}],"predecessor-version":[{"id":1299,"href":"https:\/\/www.rannakuteraapia.ee\/test\/wp-json\/wp\/v2\/pages\/621\/revisions\/1299"}],"wp:attachment":[{"href":"https:\/\/www.rannakuteraapia.ee\/test\/wp-json\/wp\/v2\/media?parent=621"}],"curies":[{"name":"wp","href":"https:\/\/api.w.org\/{rel}","templated":true}]}}