{"id":9,"date":"2019-03-21T13:32:59","date_gmt":"2019-03-21T13:32:59","guid":{"rendered":"http:\/\/rannakuteraapia.ee\/test\/contact\/"},"modified":"2021-05-27T13:15:16","modified_gmt":"2021-05-27T13:15:16","slug":"contact","status":"publish","type":"page","link":"https:\/\/www.rannakuteraapia.ee\/test\/contact\/","title":{"rendered":"V\u00f5ta \u00fchendust"},"content":{"rendered":"\t\t<div data-elementor-type=\"wp-post\" data-elementor-id=\"9\" class=\"elementor elementor-9\">\n\t\t\t\t\t\t<section class=\"elementor-section elementor-top-section elementor-element elementor-element-a289485 elementor-section-boxed elementor-section-height-default elementor-section-height-default\" data-id=\"a289485\" data-element_type=\"section\" data-e-type=\"section\">\n\t\t\t\t\t\t<div class=\"elementor-container elementor-column-gap-wide\">\n\t\t\t\t\t<div class=\"elementor-column elementor-col-33 elementor-top-column elementor-element elementor-element-b4f6b1c\" data-id=\"b4f6b1c\" data-element_type=\"column\" data-e-type=\"column\">\n\t\t\t<div class=\"elementor-widget-wrap elementor-element-populated\">\n\t\t\t\t\t\t<div class=\"elementor-element elementor-element-aa57bf7 elementor-widget-divider--view-line elementor-widget elementor-widget-divider\" data-id=\"aa57bf7\" data-element_type=\"widget\" data-e-type=\"widget\" data-widget_type=\"divider.default\">\n\t\t\t\t<div class=\"elementor-widget-container\">\n\t\t\t\t\t\t\t<div class=\"elementor-divider\">\n\t\t\t<span class=\"elementor-divider-separator\">\n\t\t\t\t\t\t<\/span>\n\t\t<\/div>\n\t\t\t\t\t\t<\/div>\n\t\t\t\t<\/div>\n\t\t\t\t<div class=\"elementor-element elementor-element-bb400d4 elementor-widget elementor-widget-heading\" data-id=\"bb400d4\" data-element_type=\"widget\" data-e-type=\"widget\" data-widget_type=\"heading.default\">\n\t\t\t\t<div class=\"elementor-widget-container\">\n\t\t\t\t\t<h2 class=\"elementor-heading-title elementor-size-default\">Kontakt<\/h2>\t\t\t\t<\/div>\n\t\t\t\t<\/div>\n\t\t\t\t<div class=\"elementor-element elementor-element-b0a3b4b elementor-widget elementor-widget-text-editor\" data-id=\"b0a3b4b\" data-element_type=\"widget\" data-e-type=\"widget\" data-widget_type=\"text-editor.default\">\n\t\t\t\t<div class=\"elementor-widget-container\">\n\t\t\t\t\t\t\t\t\t<p>Suur-Patarei 18, Tallinn<\/p><p>Tel: +372 555 201 55<\/p>\t\t\t\t\t\t\t\t<\/div>\n\t\t\t\t<\/div>\n\t\t\t\t<div class=\"elementor-element elementor-element-df6bf95 elementor-widget elementor-widget-text-editor\" data-id=\"df6bf95\" data-element_type=\"widget\" data-e-type=\"widget\" data-widget_type=\"text-editor.default\">\n\t\t\t\t<div class=\"elementor-widget-container\">\n\t\t\t\t\t\t\t\t\t<p>Svaha O\u00dc<\/p><p>EE711700017003737855<\/p><p>Luminor pank<\/p>\t\t\t\t\t\t\t\t<\/div>\n\t\t\t\t<\/div>\n\t\t\t\t<div class=\"elementor-element elementor-element-7efc38e elementor-widget elementor-widget-text-editor\" data-id=\"7efc38e\" data-element_type=\"widget\" data-e-type=\"widget\" data-widget_type=\"text-editor.default\">\n\t\t\t\t<div class=\"elementor-widget-container\">\n\t\t\t\t\t\t\t\t\t<p>teraapia.svaha@gmail.com<\/p>\t\t\t\t\t\t\t\t<\/div>\n\t\t\t\t<\/div>\n\t\t\t\t<div class=\"elementor-element elementor-element-6334add e-grid-align-left e-grid-align-mobile-center elementor-shape-rounded elementor-grid-0 elementor-widget elementor-widget-social-icons\" data-id=\"6334add\" data-element_type=\"widget\" data-e-type=\"widget\" data-widget_type=\"social-icons.default\">\n\t\t\t\t<div class=\"elementor-widget-container\">\n\t\t\t\t\t\t\t<div class=\"elementor-social-icons-wrapper elementor-grid\" role=\"list\">\n\t\t\t\t\t\t\t<span class=\"elementor-grid-item\" role=\"listitem\">\n\t\t\t\t\t<a class=\"elementor-icon elementor-social-icon elementor-social-icon-facebook-f elementor-repeater-item-565a457\" href=\"\">\n\t\t\t\t\t\t<span class=\"elementor-screen-only\">Facebook-f<\/span>\n\t\t\t\t\t\t<i aria-hidden=\"true\" class=\"fab fa-facebook-f\"><\/i>\t\t\t\t\t<\/a>\n\t\t\t\t<\/span>\n\t\t\t\t\t\t\t<span class=\"elementor-grid-item\" role=\"listitem\">\n\t\t\t\t\t<a class=\"elementor-icon elementor-social-icon elementor-social-icon-google-plus-g elementor-repeater-item-0d54d2e\" href=\"\">\n\t\t\t\t\t\t<span class=\"elementor-screen-only\">Google-plus-g<\/span>\n\t\t\t\t\t\t<i aria-hidden=\"true\" class=\"fab fa-google-plus-g\"><\/i>\t\t\t\t\t<\/a>\n\t\t\t\t<\/span>\n\t\t\t\t\t\t\t<span class=\"elementor-grid-item\" role=\"listitem\">\n\t\t\t\t\t<a class=\"elementor-icon elementor-social-icon elementor-social-icon-instagram elementor-repeater-item-e0397c3\" href=\"\">\n\t\t\t\t\t\t<span class=\"elementor-screen-only\">Instagram<\/span>\n\t\t\t\t\t\t<i aria-hidden=\"true\" class=\"fab fa-instagram\"><\/i>\t\t\t\t\t<\/a>\n\t\t\t\t<\/span>\n\t\t\t\t\t<\/div>\n\t\t\t\t\t\t<\/div>\n\t\t\t\t<\/div>\n\t\t\t\t\t<\/div>\n\t\t<\/div>\n\t\t\t\t<div class=\"elementor-column elementor-col-66 elementor-top-column elementor-element elementor-element-10f3da9\" data-id=\"10f3da9\" data-element_type=\"column\" data-e-type=\"column\">\n\t\t\t<div class=\"elementor-widget-wrap elementor-element-populated\">\n\t\t\t\t\t\t<div class=\"elementor-element elementor-element-6dba5f3 elementor-widget elementor-widget-shortcode\" data-id=\"6dba5f3\" data-element_type=\"widget\" data-e-type=\"widget\" data-widget_type=\"shortcode.default\">\n\t\t\t\t<div class=\"elementor-widget-container\">\n\t\t\t\t\t\t\t<div class=\"elementor-shortcode\"><div class=\"wpforms-container \" id=\"wpforms-100\"><form id=\"wpforms-form-100\" class=\"wpforms-validate wpforms-form\" data-formid=\"100\" method=\"post\" enctype=\"multipart\/form-data\" action=\"\/test\/wp-json\/wp\/v2\/pages\/9\" data-token=\"6b4d42e652db760a503c00cf049f29f9\" data-token-time=\"1775312314\"><noscript class=\"wpforms-error-noscript\">Please enable JavaScript in your browser to complete this form.<\/noscript><div class=\"wpforms-field-container\"><div id=\"wpforms-100-field_0-container\" class=\"wpforms-field wpforms-field-name\" data-field-id=\"0\"><label class=\"wpforms-field-label\" for=\"wpforms-100-field_0\">Sinu ilus nimi \ud83d\ude42  <span class=\"wpforms-required-label\">*<\/span><\/label><input type=\"text\" id=\"wpforms-100-field_0\" class=\"wpforms-field-large wpforms-field-required\" name=\"wpforms[fields][0]\" required><\/div><div id=\"wpforms-100-field_3-container\" class=\"wpforms-field wpforms-field-name\" data-field-id=\"3\"><label class=\"wpforms-field-label\" for=\"wpforms-100-field_3\">Telefoni number<\/label><input type=\"text\" id=\"wpforms-100-field_3\" class=\"wpforms-field-large\" name=\"wpforms[fields][3]\" ><\/div><div id=\"wpforms-100-field_1-container\" class=\"wpforms-field wpforms-field-email\" data-field-id=\"1\"><label class=\"wpforms-field-label\" for=\"wpforms-100-field_1\">Parim e-posti aadress <span class=\"wpforms-required-label\">*<\/span><\/label><input type=\"email\" id=\"wpforms-100-field_1\" class=\"wpforms-field-large wpforms-field-required\" name=\"wpforms[fields][1]\" spellcheck=\"false\" required><\/div><div id=\"wpforms-100-field_2-container\" class=\"wpforms-field wpforms-field-textarea\" data-field-id=\"2\"><label class=\"wpforms-field-label\" for=\"wpforms-100-field_2\">Kuidas saan Sind aidata? <span class=\"wpforms-required-label\">*<\/span><\/label><textarea id=\"wpforms-100-field_2\" class=\"wpforms-field-medium wpforms-field-required\" name=\"wpforms[fields][2]\" required><\/textarea><\/div><div id=\"wpforms-100-field_4-container\" class=\"wpforms-field wpforms-field-checkbox wpforms-list-inline\" data-field-id=\"4\"><label class=\"wpforms-field-label\">K\u00f5ige olulisem teema hetkel Sinu elus <span class=\"wpforms-required-label\">*<\/span><\/label><ul id=\"wpforms-100-field_4\" class=\"wpforms-field-required\"><li class=\"choice-1 depth-1\"><input type=\"checkbox\" id=\"wpforms-100-field_4_1\" name=\"wpforms[fields][4][]\" value=\"Armastus\" required ><label class=\"wpforms-field-label-inline\" for=\"wpforms-100-field_4_1\">Armastus<\/label><\/li><li class=\"choice-2 depth-1\"><input type=\"checkbox\" id=\"wpforms-100-field_4_2\" name=\"wpforms[fields][4][]\" value=\"K\u00fcllus\" required ><label class=\"wpforms-field-label-inline\" for=\"wpforms-100-field_4_2\">K\u00fcllus<\/label><\/li><li class=\"choice-3 depth-1\"><input type=\"checkbox\" id=\"wpforms-100-field_4_3\" name=\"wpforms[fields][4][]\" value=\"Tervis\" required ><label class=\"wpforms-field-label-inline\" for=\"wpforms-100-field_4_3\">Tervis<\/label><\/li><li class=\"choice-4 depth-1\"><input type=\"checkbox\" id=\"wpforms-100-field_4_4\" name=\"wpforms[fields][4][]\" value=\"Enesareng\" required ><label class=\"wpforms-field-label-inline\" for=\"wpforms-100-field_4_4\">Enesareng<\/label><\/li><li class=\"choice-5 depth-1\"><input type=\"checkbox\" id=\"wpforms-100-field_4_5\" name=\"wpforms[fields][4][]\" value=\"Muu\" required ><label class=\"wpforms-field-label-inline\" for=\"wpforms-100-field_4_5\">Muu<\/label><\/li><\/ul><\/div><\/div><!-- .wpforms-field-container --><div class=\"wpforms-field wpforms-field-hp\"><label for=\"wpforms-100-field-hp\" class=\"wpforms-field-label\">Comment<\/label><input type=\"text\" name=\"wpforms[hp]\" id=\"wpforms-100-field-hp\" class=\"wpforms-field-medium\"><\/div><div class=\"wpforms-submit-container\" ><input type=\"hidden\" name=\"wpforms[id]\" value=\"100\"><input type=\"hidden\" name=\"page_title\" value=\"\"><input type=\"hidden\" name=\"page_url\" value=\"https:\/\/www.rannakuteraapia.ee\/test\/wp-json\/wp\/v2\/pages\/9\"><input type=\"hidden\" name=\"url_referer\" value=\"\"><button type=\"submit\" name=\"wpforms[submit]\" id=\"wpforms-submit-100\" class=\"wpforms-submit\" data-alt-text=\"Saadan...\" data-submit-text=\"Saada\" aria-live=\"assertive\" value=\"wpforms-submit\">Saada<\/button><\/div><\/form><\/div>  <!-- .wpforms-container --><\/div>\n\t\t\t\t\t\t<\/div>\n\t\t\t\t<\/div>\n\t\t\t\t\t<\/div>\n\t\t<\/div>\n\t\t\t\t\t<\/div>\n\t\t<\/section>\n\t\t\t\t<\/div>\n\t\t","protected":false},"excerpt":{"rendered":"<p>Kontakt Suur-Patarei 18, Tallinn Tel: +372 555 201 55 Svaha O\u00dc EE711700017003737855 Luminor pank teraapia.svaha@gmail.com Facebook-f Google-plus-g Instagram<\/p>\n","protected":false},"author":1,"featured_media":0,"parent":0,"menu_order":0,"comment_status":"closed","ping_status":"closed","template":"elementor_header_footer","meta":{"footnotes":""},"class_list":["post-9","page","type-page","status-publish","hentry"],"yoast_head":"<!-- This site is optimized with the Yoast SEO plugin v27.3 - https:\/\/yoast.com\/product\/yoast-seo-wordpress\/ -->\n<title>V\u00f5ta \u00fchendust - R\u00c4NNAKUTERAAPIA<\/title>\n<meta name=\"robots\" content=\"index, follow, max-snippet:-1, max-image-preview:large, max-video-preview:-1\" \/>\n<link rel=\"canonical\" href=\"https:\/\/www.rannakuteraapia.ee\/test\/contact\/\" \/>\n<meta property=\"og:locale\" content=\"et_EE\" \/>\n<meta property=\"og:type\" content=\"article\" \/>\n<meta property=\"og:title\" content=\"V\u00f5ta \u00fchendust - R\u00c4NNAKUTERAAPIA\" \/>\n<meta property=\"og:description\" content=\"Kontakt Suur-Patarei 18, Tallinn Tel: +372 555 201 55 Svaha O\u00dc EE711700017003737855 Luminor pank teraapia.svaha@gmail.com Facebook-f Google-plus-g Instagram\" \/>\n<meta property=\"og:url\" content=\"https:\/\/www.rannakuteraapia.ee\/test\/contact\/\" \/>\n<meta property=\"og:site_name\" content=\"R\u00c4NNAKUTERAAPIA\" \/>\n<meta property=\"article:modified_time\" content=\"2021-05-27T13:15:16+00:00\" \/>\n<meta name=\"twitter:card\" content=\"summary_large_image\" \/>\n<meta name=\"twitter:label1\" content=\"Est. reading time\" \/>\n\t<meta name=\"twitter:data1\" content=\"1 minut\" \/>\n<script type=\"application\/ld+json\" class=\"yoast-schema-graph\">{\"@context\":\"https:\\\/\\\/schema.org\",\"@graph\":[{\"@type\":\"WebPage\",\"@id\":\"https:\\\/\\\/www.rannakuteraapia.ee\\\/test\\\/contact\\\/\",\"url\":\"https:\\\/\\\/www.rannakuteraapia.ee\\\/test\\\/contact\\\/\",\"name\":\"V\u00f5ta \u00fchendust - R\u00c4NNAKUTERAAPIA\",\"isPartOf\":{\"@id\":\"https:\\\/\\\/www.rannakuteraapia.ee\\\/test\\\/#website\"},\"datePublished\":\"2019-03-21T13:32:59+00:00\",\"dateModified\":\"2021-05-27T13:15:16+00:00\",\"breadcrumb\":{\"@id\":\"https:\\\/\\\/www.rannakuteraapia.ee\\\/test\\\/contact\\\/#breadcrumb\"},\"inLanguage\":\"et\",\"potentialAction\":[{\"@type\":\"ReadAction\",\"target\":[\"https:\\\/\\\/www.rannakuteraapia.ee\\\/test\\\/contact\\\/\"]}]},{\"@type\":\"BreadcrumbList\",\"@id\":\"https:\\\/\\\/www.rannakuteraapia.ee\\\/test\\\/contact\\\/#breadcrumb\",\"itemListElement\":[{\"@type\":\"ListItem\",\"position\":1,\"name\":\"Home\",\"item\":\"https:\\\/\\\/www.rannakuteraapia.ee\\\/test\\\/\"},{\"@type\":\"ListItem\",\"position\":2,\"name\":\"V\u00f5ta \u00fchendust\"}]},{\"@type\":\"WebSite\",\"@id\":\"https:\\\/\\\/www.rannakuteraapia.ee\\\/test\\\/#website\",\"url\":\"https:\\\/\\\/www.rannakuteraapia.ee\\\/test\\\/\",\"name\":\"R\u00c4NNAKUTERAAPIA\",\"description\":\"Tervendavad r\u00e4nnakud sisemaailma\",\"publisher\":{\"@id\":\"https:\\\/\\\/www.rannakuteraapia.ee\\\/test\\\/#organization\"},\"potentialAction\":[{\"@type\":\"SearchAction\",\"target\":{\"@type\":\"EntryPoint\",\"urlTemplate\":\"https:\\\/\\\/www.rannakuteraapia.ee\\\/test\\\/?s={search_term_string}\"},\"query-input\":{\"@type\":\"PropertyValueSpecification\",\"valueRequired\":true,\"valueName\":\"search_term_string\"}}],\"inLanguage\":\"et\"},{\"@type\":\"Organization\",\"@id\":\"https:\\\/\\\/www.rannakuteraapia.ee\\\/test\\\/#organization\",\"name\":\"R\u00c4NNAKUTERAAPIA\",\"url\":\"https:\\\/\\\/www.rannakuteraapia.ee\\\/test\\\/\",\"logo\":{\"@type\":\"ImageObject\",\"inLanguage\":\"et\",\"@id\":\"https:\\\/\\\/www.rannakuteraapia.ee\\\/test\\\/#\\\/schema\\\/logo\\\/image\\\/\",\"url\":\"https:\\\/\\\/www.rannakuteraapia.ee\\\/test\\\/wp-content\\\/uploads\\\/2019\\\/04\\\/life-coach-flower-logo.png\",\"contentUrl\":\"https:\\\/\\\/www.rannakuteraapia.ee\\\/test\\\/wp-content\\\/uploads\\\/2019\\\/04\\\/life-coach-flower-logo.png\",\"width\":60,\"height\":68,\"caption\":\"R\u00c4NNAKUTERAAPIA\"},\"image\":{\"@id\":\"https:\\\/\\\/www.rannakuteraapia.ee\\\/test\\\/#\\\/schema\\\/logo\\\/image\\\/\"}}]}<\/script>\n<!-- \/ Yoast SEO plugin. -->","yoast_head_json":{"title":"V\u00f5ta \u00fchendust - R\u00c4NNAKUTERAAPIA","robots":{"index":"index","follow":"follow","max-snippet":"max-snippet:-1","max-image-preview":"max-image-preview:large","max-video-preview":"max-video-preview:-1"},"canonical":"https:\/\/www.rannakuteraapia.ee\/test\/contact\/","og_locale":"et_EE","og_type":"article","og_title":"V\u00f5ta \u00fchendust - R\u00c4NNAKUTERAAPIA","og_description":"Kontakt Suur-Patarei 18, Tallinn Tel: +372 555 201 55 Svaha O\u00dc EE711700017003737855 Luminor pank teraapia.svaha@gmail.com Facebook-f Google-plus-g Instagram","og_url":"https:\/\/www.rannakuteraapia.ee\/test\/contact\/","og_site_name":"R\u00c4NNAKUTERAAPIA","article_modified_time":"2021-05-27T13:15:16+00:00","twitter_card":"summary_large_image","twitter_misc":{"Est. reading time":"1 minut"},"schema":{"@context":"https:\/\/schema.org","@graph":[{"@type":"WebPage","@id":"https:\/\/www.rannakuteraapia.ee\/test\/contact\/","url":"https:\/\/www.rannakuteraapia.ee\/test\/contact\/","name":"V\u00f5ta \u00fchendust - R\u00c4NNAKUTERAAPIA","isPartOf":{"@id":"https:\/\/www.rannakuteraapia.ee\/test\/#website"},"datePublished":"2019-03-21T13:32:59+00:00","dateModified":"2021-05-27T13:15:16+00:00","breadcrumb":{"@id":"https:\/\/www.rannakuteraapia.ee\/test\/contact\/#breadcrumb"},"inLanguage":"et","potentialAction":[{"@type":"ReadAction","target":["https:\/\/www.rannakuteraapia.ee\/test\/contact\/"]}]},{"@type":"BreadcrumbList","@id":"https:\/\/www.rannakuteraapia.ee\/test\/contact\/#breadcrumb","itemListElement":[{"@type":"ListItem","position":1,"name":"Home","item":"https:\/\/www.rannakuteraapia.ee\/test\/"},{"@type":"ListItem","position":2,"name":"V\u00f5ta \u00fchendust"}]},{"@type":"WebSite","@id":"https:\/\/www.rannakuteraapia.ee\/test\/#website","url":"https:\/\/www.rannakuteraapia.ee\/test\/","name":"R\u00c4NNAKUTERAAPIA","description":"Tervendavad r\u00e4nnakud sisemaailma","publisher":{"@id":"https:\/\/www.rannakuteraapia.ee\/test\/#organization"},"potentialAction":[{"@type":"SearchAction","target":{"@type":"EntryPoint","urlTemplate":"https:\/\/www.rannakuteraapia.ee\/test\/?s={search_term_string}"},"query-input":{"@type":"PropertyValueSpecification","valueRequired":true,"valueName":"search_term_string"}}],"inLanguage":"et"},{"@type":"Organization","@id":"https:\/\/www.rannakuteraapia.ee\/test\/#organization","name":"R\u00c4NNAKUTERAAPIA","url":"https:\/\/www.rannakuteraapia.ee\/test\/","logo":{"@type":"ImageObject","inLanguage":"et","@id":"https:\/\/www.rannakuteraapia.ee\/test\/#\/schema\/logo\/image\/","url":"https:\/\/www.rannakuteraapia.ee\/test\/wp-content\/uploads\/2019\/04\/life-coach-flower-logo.png","contentUrl":"https:\/\/www.rannakuteraapia.ee\/test\/wp-content\/uploads\/2019\/04\/life-coach-flower-logo.png","width":60,"height":68,"caption":"R\u00c4NNAKUTERAAPIA"},"image":{"@id":"https:\/\/www.rannakuteraapia.ee\/test\/#\/schema\/logo\/image\/"}}]}},"_links":{"self":[{"href":"https:\/\/www.rannakuteraapia.ee\/test\/wp-json\/wp\/v2\/pages\/9","targetHints":{"allow":["GET"]}}],"collection":[{"href":"https:\/\/www.rannakuteraapia.ee\/test\/wp-json\/wp\/v2\/pages"}],"about":[{"href":"https:\/\/www.rannakuteraapia.ee\/test\/wp-json\/wp\/v2\/types\/page"}],"author":[{"embeddable":true,"href":"https:\/\/www.rannakuteraapia.ee\/test\/wp-json\/wp\/v2\/users\/1"}],"replies":[{"embeddable":true,"href":"https:\/\/www.rannakuteraapia.ee\/test\/wp-json\/wp\/v2\/comments?post=9"}],"version-history":[{"count":5,"href":"https:\/\/www.rannakuteraapia.ee\/test\/wp-json\/wp\/v2\/pages\/9\/revisions"}],"predecessor-version":[{"id":1087,"href":"https:\/\/www.rannakuteraapia.ee\/test\/wp-json\/wp\/v2\/pages\/9\/revisions\/1087"}],"wp:attachment":[{"href":"https:\/\/www.rannakuteraapia.ee\/test\/wp-json\/wp\/v2\/media?parent=9"}],"curies":[{"name":"wp","href":"https:\/\/api.w.org\/{rel}","templated":true}]}}