{"id":401,"date":"2019-03-29T08:47:04","date_gmt":"2019-03-29T08:47:04","guid":{"rendered":"http:\/\/rannakuteraapia.ee\/test\/product\/11-coaching\/"},"modified":"2021-12-09T19:20:01","modified_gmt":"2021-12-09T19:20:01","slug":"rannakuteraapia","status":"publish","type":"product","link":"https:\/\/www.rannakuteraapia.ee\/test\/product\/rannakuteraapia\/","title":{"rendered":"R\u00e4nnakuteraapia"},"content":{"rendered":"<div class=\"hzawbc8m buofh1pr cbu4d94t j83agx80\">\n<div class=\"n1l5q3vz\">\n<p>R\u00e4nnakuteraapia on eriliselt v\u00f5imas teraapiavorm, mille l\u00e4bi on v\u00f5imalik tervendada nii f\u00fc\u00fcsilisi kui emotsionaalseid seisundeid. Teraapia aitab toime tulla emotsioonide ja stressiga; avastada ja tervendada haiguste emotsionaalsed p\u00f5hjused ning neid k\u00f5rvaldada; valudele leevendust tuua; muuta uskumusi, mis Sind piiravad ning Sinu v\u00e4ge v\u00e4hendavad; tervendada s\u00fcnnihetke ja sellega seotud traumasid; avastada eelmistest eludest v\u00f5i vereliini pidi esivanematelt\u00a0 kaasa toodud mustreid ning uskumusi ning neid \u00fcmber muuta ning tervendada. V\u00f5ta \u00fchendust konsultatsiooniks, et avastada, kuidas R\u00e4nnakuteraapia just Sind aidata saab.<\/p>\n<p>Varu teraapiaks aega 2,5 tundi.<\/p>\n<\/div>\n<\/div>\n<div class=\"dhix69tm taijpn5t cbu4d94t j83agx80 aovydwv3\" style=\"text-align: left;\"><\/div>\n","protected":false},"excerpt":{"rendered":"<p>R\u00e4nnakuteraapia on eriliselt v\u00f5imas teraapiavorm, mille l\u00e4bi on v\u00f5imalik tervendada nii f\u00fc\u00fcsilisi kui emotsionaalseid seisundeid. Teraapia aitab toime tulla emotsioonide ja stressiga; avastada ja tervendada haiguste emotsionaalsed p\u00f5hjused ning neid k\u00f5rvaldada; valudele leevendust tuua; muuta uskumusi, mis Sind piiravad ning Sinu v\u00e4ge v\u00e4hendavad; tervendada s\u00fcnnihetke ja sellega seotud traumasid; avastada eelmistest eludest v\u00f5i vereliini pidi esivanematelt\u00a0 kaasa toodud mustreid ning uskumusi ning neid \u00fcmber muuta ning tervendada. V\u00f5ta \u00fchendust konsultatsiooniks, et avastada, kuidas R\u00e4nnakuteraapia just Sind aidata saab.<\/p>\n<p>Varu teraapiaks aega 2,5 tundi.<\/p>\n<p>&nbsp;<\/p>\n<p>&nbsp;<\/p>\n<p>&nbsp;<\/p>\n","protected":false},"featured_media":1167,"template":"","meta":[],"product_brand":[],"product_cat":[21,29,25,26,27,28],"product_tag":[],"class_list":{"0":"post-401","1":"product","2":"type-product","3":"status-publish","4":"has-post-thumbnail","6":"product_cat-coaching","7":"product_cat-grupirannakud","8":"product_cat-rannakuteraapia","9":"product_cat-samaanirannakud","10":"product_cat-taro-kaardid","11":"product_cat-tiibeti-helikausid","13":"first","14":"instock","15":"shipping-taxable","16":"purchasable","17":"product-type-simple"},"yoast_head":"<!-- This site is optimized with the Yoast SEO plugin v27.3 - https:\/\/yoast.com\/product\/yoast-seo-wordpress\/ -->\n<title>R\u00e4nnakuteraapia - R\u00c4NNAKUTERAAPIA<\/title>\n<meta name=\"robots\" content=\"index, follow, max-snippet:-1, max-image-preview:large, max-video-preview:-1\" \/>\n<link rel=\"canonical\" href=\"https:\/\/www.rannakuteraapia.ee\/test\/product\/rannakuteraapia\/\" \/>\n<meta property=\"og:locale\" content=\"et_EE\" \/>\n<meta property=\"og:type\" content=\"article\" \/>\n<meta property=\"og:title\" content=\"R\u00e4nnakuteraapia - R\u00c4NNAKUTERAAPIA\" \/>\n<meta property=\"og:description\" content=\"R\u00e4nnakuteraapia on eriliselt v\u00f5imas teraapiavorm, mille l\u00e4bi on v\u00f5imalik tervendada nii f\u00fc\u00fcsilisi kui emotsionaalseid seisundeid. Teraapia aitab toime tulla emotsioonide ja stressiga; avastada ja tervendada haiguste emotsionaalsed p\u00f5hjused ning neid k\u00f5rvaldada; valudele leevendust tuua; muuta uskumusi, mis Sind piiravad ning Sinu v\u00e4ge v\u00e4hendavad; tervendada s\u00fcnnihetke ja sellega seotud traumasid; avastada eelmistest eludest v\u00f5i vereliini pidi esivanematelt\u00a0 kaasa toodud mustreid ning uskumusi ning neid \u00fcmber muuta ning tervendada. V\u00f5ta \u00fchendust konsultatsiooniks, et avastada, kuidas R\u00e4nnakuteraapia just Sind aidata saab.  Varu teraapiaks aega 2,5 tundi.  &nbsp;  &nbsp;  &nbsp;\" \/>\n<meta property=\"og:url\" content=\"https:\/\/www.rannakuteraapia.ee\/test\/product\/rannakuteraapia\/\" \/>\n<meta property=\"og:site_name\" content=\"R\u00c4NNAKUTERAAPIA\" \/>\n<meta property=\"article:modified_time\" content=\"2021-12-09T19:20:01+00:00\" \/>\n<meta property=\"og:image\" content=\"https:\/\/www.rannakuteraapia.ee\/test\/wp-content\/uploads\/2019\/03\/ING6014-1-scaled.jpg\" \/>\n\t<meta property=\"og:image:width\" content=\"2560\" \/>\n\t<meta property=\"og:image:height\" content=\"2371\" \/>\n\t<meta property=\"og:image:type\" content=\"image\/jpeg\" \/>\n<meta name=\"twitter:card\" content=\"summary_large_image\" \/>\n<meta name=\"twitter:label1\" content=\"Est. reading time\" \/>\n\t<meta name=\"twitter:data1\" content=\"1 minut\" \/>\n<script type=\"application\/ld+json\" class=\"yoast-schema-graph\">{\"@context\":\"https:\\\/\\\/schema.org\",\"@graph\":[{\"@type\":\"WebPage\",\"@id\":\"https:\\\/\\\/www.rannakuteraapia.ee\\\/test\\\/product\\\/rannakuteraapia\\\/\",\"url\":\"https:\\\/\\\/www.rannakuteraapia.ee\\\/test\\\/product\\\/rannakuteraapia\\\/\",\"name\":\"R\u00e4nnakuteraapia - R\u00c4NNAKUTERAAPIA\",\"isPartOf\":{\"@id\":\"https:\\\/\\\/www.rannakuteraapia.ee\\\/test\\\/#website\"},\"primaryImageOfPage\":{\"@id\":\"https:\\\/\\\/www.rannakuteraapia.ee\\\/test\\\/product\\\/rannakuteraapia\\\/#primaryimage\"},\"image\":{\"@id\":\"https:\\\/\\\/www.rannakuteraapia.ee\\\/test\\\/product\\\/rannakuteraapia\\\/#primaryimage\"},\"thumbnailUrl\":\"https:\\\/\\\/www.rannakuteraapia.ee\\\/test\\\/wp-content\\\/uploads\\\/2019\\\/03\\\/ING6014-1-scaled.jpg\",\"datePublished\":\"2019-03-29T08:47:04+00:00\",\"dateModified\":\"2021-12-09T19:20:01+00:00\",\"breadcrumb\":{\"@id\":\"https:\\\/\\\/www.rannakuteraapia.ee\\\/test\\\/product\\\/rannakuteraapia\\\/#breadcrumb\"},\"inLanguage\":\"et\",\"potentialAction\":[{\"@type\":\"ReadAction\",\"target\":[\"https:\\\/\\\/www.rannakuteraapia.ee\\\/test\\\/product\\\/rannakuteraapia\\\/\"]}]},{\"@type\":\"ImageObject\",\"inLanguage\":\"et\",\"@id\":\"https:\\\/\\\/www.rannakuteraapia.ee\\\/test\\\/product\\\/rannakuteraapia\\\/#primaryimage\",\"url\":\"https:\\\/\\\/www.rannakuteraapia.ee\\\/test\\\/wp-content\\\/uploads\\\/2019\\\/03\\\/ING6014-1-scaled.jpg\",\"contentUrl\":\"https:\\\/\\\/www.rannakuteraapia.ee\\\/test\\\/wp-content\\\/uploads\\\/2019\\\/03\\\/ING6014-1-scaled.jpg\",\"width\":2560,\"height\":2371},{\"@type\":\"BreadcrumbList\",\"@id\":\"https:\\\/\\\/www.rannakuteraapia.ee\\\/test\\\/product\\\/rannakuteraapia\\\/#breadcrumb\",\"itemListElement\":[{\"@type\":\"ListItem\",\"position\":1,\"name\":\"Home\",\"item\":\"https:\\\/\\\/www.rannakuteraapia.ee\\\/test\\\/\"},{\"@type\":\"ListItem\",\"position\":2,\"name\":\"Tooted\",\"item\":\"https:\\\/\\\/www.rannakuteraapia.ee\\\/test\\\/shop-2\\\/\"},{\"@type\":\"ListItem\",\"position\":3,\"name\":\"R\u00e4nnakuteraapia\"}]},{\"@type\":\"WebSite\",\"@id\":\"https:\\\/\\\/www.rannakuteraapia.ee\\\/test\\\/#website\",\"url\":\"https:\\\/\\\/www.rannakuteraapia.ee\\\/test\\\/\",\"name\":\"R\u00c4NNAKUTERAAPIA\",\"description\":\"Tervendavad r\u00e4nnakud sisemaailma\",\"publisher\":{\"@id\":\"https:\\\/\\\/www.rannakuteraapia.ee\\\/test\\\/#organization\"},\"potentialAction\":[{\"@type\":\"SearchAction\",\"target\":{\"@type\":\"EntryPoint\",\"urlTemplate\":\"https:\\\/\\\/www.rannakuteraapia.ee\\\/test\\\/?s={search_term_string}\"},\"query-input\":{\"@type\":\"PropertyValueSpecification\",\"valueRequired\":true,\"valueName\":\"search_term_string\"}}],\"inLanguage\":\"et\"},{\"@type\":\"Organization\",\"@id\":\"https:\\\/\\\/www.rannakuteraapia.ee\\\/test\\\/#organization\",\"name\":\"R\u00c4NNAKUTERAAPIA\",\"url\":\"https:\\\/\\\/www.rannakuteraapia.ee\\\/test\\\/\",\"logo\":{\"@type\":\"ImageObject\",\"inLanguage\":\"et\",\"@id\":\"https:\\\/\\\/www.rannakuteraapia.ee\\\/test\\\/#\\\/schema\\\/logo\\\/image\\\/\",\"url\":\"https:\\\/\\\/www.rannakuteraapia.ee\\\/test\\\/wp-content\\\/uploads\\\/2019\\\/04\\\/life-coach-flower-logo.png\",\"contentUrl\":\"https:\\\/\\\/www.rannakuteraapia.ee\\\/test\\\/wp-content\\\/uploads\\\/2019\\\/04\\\/life-coach-flower-logo.png\",\"width\":60,\"height\":68,\"caption\":\"R\u00c4NNAKUTERAAPIA\"},\"image\":{\"@id\":\"https:\\\/\\\/www.rannakuteraapia.ee\\\/test\\\/#\\\/schema\\\/logo\\\/image\\\/\"}}]}<\/script>\n<!-- \/ Yoast SEO plugin. -->","yoast_head_json":{"title":"R\u00e4nnakuteraapia - R\u00c4NNAKUTERAAPIA","robots":{"index":"index","follow":"follow","max-snippet":"max-snippet:-1","max-image-preview":"max-image-preview:large","max-video-preview":"max-video-preview:-1"},"canonical":"https:\/\/www.rannakuteraapia.ee\/test\/product\/rannakuteraapia\/","og_locale":"et_EE","og_type":"article","og_title":"R\u00e4nnakuteraapia - R\u00c4NNAKUTERAAPIA","og_description":"R\u00e4nnakuteraapia on eriliselt v\u00f5imas teraapiavorm, mille l\u00e4bi on v\u00f5imalik tervendada nii f\u00fc\u00fcsilisi kui emotsionaalseid seisundeid. Teraapia aitab toime tulla emotsioonide ja stressiga; avastada ja tervendada haiguste emotsionaalsed p\u00f5hjused ning neid k\u00f5rvaldada; valudele leevendust tuua; muuta uskumusi, mis Sind piiravad ning Sinu v\u00e4ge v\u00e4hendavad; tervendada s\u00fcnnihetke ja sellega seotud traumasid; avastada eelmistest eludest v\u00f5i vereliini pidi esivanematelt\u00a0 kaasa toodud mustreid ning uskumusi ning neid \u00fcmber muuta ning tervendada. V\u00f5ta \u00fchendust konsultatsiooniks, et avastada, kuidas R\u00e4nnakuteraapia just Sind aidata saab.  Varu teraapiaks aega 2,5 tundi.  &nbsp;  &nbsp;  &nbsp;","og_url":"https:\/\/www.rannakuteraapia.ee\/test\/product\/rannakuteraapia\/","og_site_name":"R\u00c4NNAKUTERAAPIA","article_modified_time":"2021-12-09T19:20:01+00:00","og_image":[{"width":2560,"height":2371,"url":"https:\/\/www.rannakuteraapia.ee\/test\/wp-content\/uploads\/2019\/03\/ING6014-1-scaled.jpg","type":"image\/jpeg"}],"twitter_card":"summary_large_image","twitter_misc":{"Est. reading time":"1 minut"},"schema":{"@context":"https:\/\/schema.org","@graph":[{"@type":"WebPage","@id":"https:\/\/www.rannakuteraapia.ee\/test\/product\/rannakuteraapia\/","url":"https:\/\/www.rannakuteraapia.ee\/test\/product\/rannakuteraapia\/","name":"R\u00e4nnakuteraapia - R\u00c4NNAKUTERAAPIA","isPartOf":{"@id":"https:\/\/www.rannakuteraapia.ee\/test\/#website"},"primaryImageOfPage":{"@id":"https:\/\/www.rannakuteraapia.ee\/test\/product\/rannakuteraapia\/#primaryimage"},"image":{"@id":"https:\/\/www.rannakuteraapia.ee\/test\/product\/rannakuteraapia\/#primaryimage"},"thumbnailUrl":"https:\/\/www.rannakuteraapia.ee\/test\/wp-content\/uploads\/2019\/03\/ING6014-1-scaled.jpg","datePublished":"2019-03-29T08:47:04+00:00","dateModified":"2021-12-09T19:20:01+00:00","breadcrumb":{"@id":"https:\/\/www.rannakuteraapia.ee\/test\/product\/rannakuteraapia\/#breadcrumb"},"inLanguage":"et","potentialAction":[{"@type":"ReadAction","target":["https:\/\/www.rannakuteraapia.ee\/test\/product\/rannakuteraapia\/"]}]},{"@type":"ImageObject","inLanguage":"et","@id":"https:\/\/www.rannakuteraapia.ee\/test\/product\/rannakuteraapia\/#primaryimage","url":"https:\/\/www.rannakuteraapia.ee\/test\/wp-content\/uploads\/2019\/03\/ING6014-1-scaled.jpg","contentUrl":"https:\/\/www.rannakuteraapia.ee\/test\/wp-content\/uploads\/2019\/03\/ING6014-1-scaled.jpg","width":2560,"height":2371},{"@type":"BreadcrumbList","@id":"https:\/\/www.rannakuteraapia.ee\/test\/product\/rannakuteraapia\/#breadcrumb","itemListElement":[{"@type":"ListItem","position":1,"name":"Home","item":"https:\/\/www.rannakuteraapia.ee\/test\/"},{"@type":"ListItem","position":2,"name":"Tooted","item":"https:\/\/www.rannakuteraapia.ee\/test\/shop-2\/"},{"@type":"ListItem","position":3,"name":"R\u00e4nnakuteraapia"}]},{"@type":"WebSite","@id":"https:\/\/www.rannakuteraapia.ee\/test\/#website","url":"https:\/\/www.rannakuteraapia.ee\/test\/","name":"R\u00c4NNAKUTERAAPIA","description":"Tervendavad r\u00e4nnakud sisemaailma","publisher":{"@id":"https:\/\/www.rannakuteraapia.ee\/test\/#organization"},"potentialAction":[{"@type":"SearchAction","target":{"@type":"EntryPoint","urlTemplate":"https:\/\/www.rannakuteraapia.ee\/test\/?s={search_term_string}"},"query-input":{"@type":"PropertyValueSpecification","valueRequired":true,"valueName":"search_term_string"}}],"inLanguage":"et"},{"@type":"Organization","@id":"https:\/\/www.rannakuteraapia.ee\/test\/#organization","name":"R\u00c4NNAKUTERAAPIA","url":"https:\/\/www.rannakuteraapia.ee\/test\/","logo":{"@type":"ImageObject","inLanguage":"et","@id":"https:\/\/www.rannakuteraapia.ee\/test\/#\/schema\/logo\/image\/","url":"https:\/\/www.rannakuteraapia.ee\/test\/wp-content\/uploads\/2019\/04\/life-coach-flower-logo.png","contentUrl":"https:\/\/www.rannakuteraapia.ee\/test\/wp-content\/uploads\/2019\/04\/life-coach-flower-logo.png","width":60,"height":68,"caption":"R\u00c4NNAKUTERAAPIA"},"image":{"@id":"https:\/\/www.rannakuteraapia.ee\/test\/#\/schema\/logo\/image\/"}}]}},"_links":{"self":[{"href":"https:\/\/www.rannakuteraapia.ee\/test\/wp-json\/wp\/v2\/product\/401","targetHints":{"allow":["GET"]}}],"collection":[{"href":"https:\/\/www.rannakuteraapia.ee\/test\/wp-json\/wp\/v2\/product"}],"about":[{"href":"https:\/\/www.rannakuteraapia.ee\/test\/wp-json\/wp\/v2\/types\/product"}],"wp:featuredmedia":[{"embeddable":true,"href":"https:\/\/www.rannakuteraapia.ee\/test\/wp-json\/wp\/v2\/media\/1167"}],"wp:attachment":[{"href":"https:\/\/www.rannakuteraapia.ee\/test\/wp-json\/wp\/v2\/media?parent=401"}],"wp:term":[{"taxonomy":"product_brand","embeddable":true,"href":"https:\/\/www.rannakuteraapia.ee\/test\/wp-json\/wp\/v2\/product_brand?post=401"},{"taxonomy":"product_cat","embeddable":true,"href":"https:\/\/www.rannakuteraapia.ee\/test\/wp-json\/wp\/v2\/product_cat?post=401"},{"taxonomy":"product_tag","embeddable":true,"href":"https:\/\/www.rannakuteraapia.ee\/test\/wp-json\/wp\/v2\/product_tag?post=401"}],"curies":[{"name":"wp","href":"https:\/\/api.w.org\/{rel}","templated":true}]}}