{"id":583,"date":"2019-04-11T05:51:54","date_gmt":"2019-04-11T05:51:54","guid":{"rendered":"http:\/\/rannakuteraapia.ee\/test\/product\/discovery-session\/"},"modified":"2021-12-09T18:41:02","modified_gmt":"2021-12-09T18:41:02","slug":"discovery-session","status":"publish","type":"product","link":"https:\/\/www.rannakuteraapia.ee\/test\/product\/discovery-session\/","title":{"rendered":"Taro kaardi sessioon"},"content":{"rendered":"","protected":false},"excerpt":{"rendered":"<p>Soovid teejuhatust taro kaartidega? Taro kaardid on justkui portaal alateadvuse m\u00fcstilistesse soppidesse. Uurime seda p\u00f5nevat maailma l\u00e4bi kaartide. Saad k\u00fcsida nii palju k\u00fcsimusi, kui tunni aja sisse mahub.<\/p>\n<p>&nbsp;<\/p>\n<p>&nbsp;<\/p>\n","protected":false},"featured_media":1164,"template":"","meta":[],"product_brand":[],"product_cat":[21],"product_tag":[],"class_list":{"0":"post-583","1":"product","2":"type-product","3":"status-publish","4":"has-post-thumbnail","6":"product_cat-coaching","8":"first","9":"instock","10":"shipping-taxable","11":"purchasable","12":"product-type-simple"},"yoast_head":"<!-- This site is optimized with the Yoast SEO plugin v27.3 - https:\/\/yoast.com\/product\/yoast-seo-wordpress\/ -->\n<title>Taro kaardi sessioon - R\u00c4NNAKUTERAAPIA<\/title>\n<meta name=\"description\" content=\"Taro kaardi sessioon\" \/>\n<meta name=\"robots\" content=\"index, follow, max-snippet:-1, max-image-preview:large, max-video-preview:-1\" \/>\n<link rel=\"canonical\" href=\"https:\/\/www.rannakuteraapia.ee\/test\/product\/discovery-session\/\" \/>\n<meta property=\"og:locale\" content=\"et_EE\" \/>\n<meta property=\"og:type\" content=\"article\" \/>\n<meta property=\"og:title\" content=\"Taro kaardi sessioon - R\u00c4NNAKUTERAAPIA\" \/>\n<meta property=\"og:description\" content=\"Taro kaardi sessioon\" \/>\n<meta property=\"og:url\" content=\"https:\/\/www.rannakuteraapia.ee\/test\/product\/discovery-session\/\" \/>\n<meta property=\"og:site_name\" content=\"R\u00c4NNAKUTERAAPIA\" \/>\n<meta property=\"article:modified_time\" content=\"2021-12-09T18:41:02+00:00\" \/>\n<meta property=\"og:image\" content=\"https:\/\/www.rannakuteraapia.ee\/test\/wp-content\/uploads\/2019\/04\/Hingefestival_LuisaGretaVilo-286-scaled.jpg\" \/>\n\t<meta property=\"og:image:width\" content=\"1707\" \/>\n\t<meta property=\"og:image:height\" content=\"2560\" \/>\n\t<meta property=\"og:image:type\" content=\"image\/jpeg\" \/>\n<meta name=\"twitter:card\" content=\"summary_large_image\" \/>\n<script type=\"application\/ld+json\" class=\"yoast-schema-graph\">{\"@context\":\"https:\\\/\\\/schema.org\",\"@graph\":[{\"@type\":\"WebPage\",\"@id\":\"https:\\\/\\\/www.rannakuteraapia.ee\\\/test\\\/product\\\/discovery-session\\\/\",\"url\":\"https:\\\/\\\/www.rannakuteraapia.ee\\\/test\\\/product\\\/discovery-session\\\/\",\"name\":\"Taro kaardi sessioon - R\u00c4NNAKUTERAAPIA\",\"isPartOf\":{\"@id\":\"https:\\\/\\\/www.rannakuteraapia.ee\\\/test\\\/#website\"},\"primaryImageOfPage\":{\"@id\":\"https:\\\/\\\/www.rannakuteraapia.ee\\\/test\\\/product\\\/discovery-session\\\/#primaryimage\"},\"image\":{\"@id\":\"https:\\\/\\\/www.rannakuteraapia.ee\\\/test\\\/product\\\/discovery-session\\\/#primaryimage\"},\"thumbnailUrl\":\"https:\\\/\\\/www.rannakuteraapia.ee\\\/test\\\/wp-content\\\/uploads\\\/2019\\\/04\\\/Hingefestival_LuisaGretaVilo-286-scaled.jpg\",\"datePublished\":\"2019-04-11T05:51:54+00:00\",\"dateModified\":\"2021-12-09T18:41:02+00:00\",\"description\":\"Taro kaardi sessioon\",\"breadcrumb\":{\"@id\":\"https:\\\/\\\/www.rannakuteraapia.ee\\\/test\\\/product\\\/discovery-session\\\/#breadcrumb\"},\"inLanguage\":\"et\",\"potentialAction\":[{\"@type\":\"ReadAction\",\"target\":[\"https:\\\/\\\/www.rannakuteraapia.ee\\\/test\\\/product\\\/discovery-session\\\/\"]}]},{\"@type\":\"ImageObject\",\"inLanguage\":\"et\",\"@id\":\"https:\\\/\\\/www.rannakuteraapia.ee\\\/test\\\/product\\\/discovery-session\\\/#primaryimage\",\"url\":\"https:\\\/\\\/www.rannakuteraapia.ee\\\/test\\\/wp-content\\\/uploads\\\/2019\\\/04\\\/Hingefestival_LuisaGretaVilo-286-scaled.jpg\",\"contentUrl\":\"https:\\\/\\\/www.rannakuteraapia.ee\\\/test\\\/wp-content\\\/uploads\\\/2019\\\/04\\\/Hingefestival_LuisaGretaVilo-286-scaled.jpg\",\"width\":1707,\"height\":2560},{\"@type\":\"BreadcrumbList\",\"@id\":\"https:\\\/\\\/www.rannakuteraapia.ee\\\/test\\\/product\\\/discovery-session\\\/#breadcrumb\",\"itemListElement\":[{\"@type\":\"ListItem\",\"position\":1,\"name\":\"Home\",\"item\":\"https:\\\/\\\/www.rannakuteraapia.ee\\\/test\\\/\"},{\"@type\":\"ListItem\",\"position\":2,\"name\":\"Tooted\",\"item\":\"https:\\\/\\\/www.rannakuteraapia.ee\\\/test\\\/shop-2\\\/\"},{\"@type\":\"ListItem\",\"position\":3,\"name\":\"Taro kaardi sessioon\"}]},{\"@type\":\"WebSite\",\"@id\":\"https:\\\/\\\/www.rannakuteraapia.ee\\\/test\\\/#website\",\"url\":\"https:\\\/\\\/www.rannakuteraapia.ee\\\/test\\\/\",\"name\":\"R\u00c4NNAKUTERAAPIA\",\"description\":\"Tervendavad r\u00e4nnakud sisemaailma\",\"publisher\":{\"@id\":\"https:\\\/\\\/www.rannakuteraapia.ee\\\/test\\\/#organization\"},\"potentialAction\":[{\"@type\":\"SearchAction\",\"target\":{\"@type\":\"EntryPoint\",\"urlTemplate\":\"https:\\\/\\\/www.rannakuteraapia.ee\\\/test\\\/?s={search_term_string}\"},\"query-input\":{\"@type\":\"PropertyValueSpecification\",\"valueRequired\":true,\"valueName\":\"search_term_string\"}}],\"inLanguage\":\"et\"},{\"@type\":\"Organization\",\"@id\":\"https:\\\/\\\/www.rannakuteraapia.ee\\\/test\\\/#organization\",\"name\":\"R\u00c4NNAKUTERAAPIA\",\"url\":\"https:\\\/\\\/www.rannakuteraapia.ee\\\/test\\\/\",\"logo\":{\"@type\":\"ImageObject\",\"inLanguage\":\"et\",\"@id\":\"https:\\\/\\\/www.rannakuteraapia.ee\\\/test\\\/#\\\/schema\\\/logo\\\/image\\\/\",\"url\":\"https:\\\/\\\/www.rannakuteraapia.ee\\\/test\\\/wp-content\\\/uploads\\\/2019\\\/04\\\/life-coach-flower-logo.png\",\"contentUrl\":\"https:\\\/\\\/www.rannakuteraapia.ee\\\/test\\\/wp-content\\\/uploads\\\/2019\\\/04\\\/life-coach-flower-logo.png\",\"width\":60,\"height\":68,\"caption\":\"R\u00c4NNAKUTERAAPIA\"},\"image\":{\"@id\":\"https:\\\/\\\/www.rannakuteraapia.ee\\\/test\\\/#\\\/schema\\\/logo\\\/image\\\/\"}}]}<\/script>\n<!-- \/ Yoast SEO plugin. -->","yoast_head_json":{"title":"Taro kaardi sessioon - R\u00c4NNAKUTERAAPIA","description":"Taro kaardi sessioon","robots":{"index":"index","follow":"follow","max-snippet":"max-snippet:-1","max-image-preview":"max-image-preview:large","max-video-preview":"max-video-preview:-1"},"canonical":"https:\/\/www.rannakuteraapia.ee\/test\/product\/discovery-session\/","og_locale":"et_EE","og_type":"article","og_title":"Taro kaardi sessioon - R\u00c4NNAKUTERAAPIA","og_description":"Taro kaardi sessioon","og_url":"https:\/\/www.rannakuteraapia.ee\/test\/product\/discovery-session\/","og_site_name":"R\u00c4NNAKUTERAAPIA","article_modified_time":"2021-12-09T18:41:02+00:00","og_image":[{"width":1707,"height":2560,"url":"https:\/\/www.rannakuteraapia.ee\/test\/wp-content\/uploads\/2019\/04\/Hingefestival_LuisaGretaVilo-286-scaled.jpg","type":"image\/jpeg"}],"twitter_card":"summary_large_image","schema":{"@context":"https:\/\/schema.org","@graph":[{"@type":"WebPage","@id":"https:\/\/www.rannakuteraapia.ee\/test\/product\/discovery-session\/","url":"https:\/\/www.rannakuteraapia.ee\/test\/product\/discovery-session\/","name":"Taro kaardi sessioon - R\u00c4NNAKUTERAAPIA","isPartOf":{"@id":"https:\/\/www.rannakuteraapia.ee\/test\/#website"},"primaryImageOfPage":{"@id":"https:\/\/www.rannakuteraapia.ee\/test\/product\/discovery-session\/#primaryimage"},"image":{"@id":"https:\/\/www.rannakuteraapia.ee\/test\/product\/discovery-session\/#primaryimage"},"thumbnailUrl":"https:\/\/www.rannakuteraapia.ee\/test\/wp-content\/uploads\/2019\/04\/Hingefestival_LuisaGretaVilo-286-scaled.jpg","datePublished":"2019-04-11T05:51:54+00:00","dateModified":"2021-12-09T18:41:02+00:00","description":"Taro kaardi sessioon","breadcrumb":{"@id":"https:\/\/www.rannakuteraapia.ee\/test\/product\/discovery-session\/#breadcrumb"},"inLanguage":"et","potentialAction":[{"@type":"ReadAction","target":["https:\/\/www.rannakuteraapia.ee\/test\/product\/discovery-session\/"]}]},{"@type":"ImageObject","inLanguage":"et","@id":"https:\/\/www.rannakuteraapia.ee\/test\/product\/discovery-session\/#primaryimage","url":"https:\/\/www.rannakuteraapia.ee\/test\/wp-content\/uploads\/2019\/04\/Hingefestival_LuisaGretaVilo-286-scaled.jpg","contentUrl":"https:\/\/www.rannakuteraapia.ee\/test\/wp-content\/uploads\/2019\/04\/Hingefestival_LuisaGretaVilo-286-scaled.jpg","width":1707,"height":2560},{"@type":"BreadcrumbList","@id":"https:\/\/www.rannakuteraapia.ee\/test\/product\/discovery-session\/#breadcrumb","itemListElement":[{"@type":"ListItem","position":1,"name":"Home","item":"https:\/\/www.rannakuteraapia.ee\/test\/"},{"@type":"ListItem","position":2,"name":"Tooted","item":"https:\/\/www.rannakuteraapia.ee\/test\/shop-2\/"},{"@type":"ListItem","position":3,"name":"Taro kaardi sessioon"}]},{"@type":"WebSite","@id":"https:\/\/www.rannakuteraapia.ee\/test\/#website","url":"https:\/\/www.rannakuteraapia.ee\/test\/","name":"R\u00c4NNAKUTERAAPIA","description":"Tervendavad r\u00e4nnakud sisemaailma","publisher":{"@id":"https:\/\/www.rannakuteraapia.ee\/test\/#organization"},"potentialAction":[{"@type":"SearchAction","target":{"@type":"EntryPoint","urlTemplate":"https:\/\/www.rannakuteraapia.ee\/test\/?s={search_term_string}"},"query-input":{"@type":"PropertyValueSpecification","valueRequired":true,"valueName":"search_term_string"}}],"inLanguage":"et"},{"@type":"Organization","@id":"https:\/\/www.rannakuteraapia.ee\/test\/#organization","name":"R\u00c4NNAKUTERAAPIA","url":"https:\/\/www.rannakuteraapia.ee\/test\/","logo":{"@type":"ImageObject","inLanguage":"et","@id":"https:\/\/www.rannakuteraapia.ee\/test\/#\/schema\/logo\/image\/","url":"https:\/\/www.rannakuteraapia.ee\/test\/wp-content\/uploads\/2019\/04\/life-coach-flower-logo.png","contentUrl":"https:\/\/www.rannakuteraapia.ee\/test\/wp-content\/uploads\/2019\/04\/life-coach-flower-logo.png","width":60,"height":68,"caption":"R\u00c4NNAKUTERAAPIA"},"image":{"@id":"https:\/\/www.rannakuteraapia.ee\/test\/#\/schema\/logo\/image\/"}}]}},"_links":{"self":[{"href":"https:\/\/www.rannakuteraapia.ee\/test\/wp-json\/wp\/v2\/product\/583","targetHints":{"allow":["GET"]}}],"collection":[{"href":"https:\/\/www.rannakuteraapia.ee\/test\/wp-json\/wp\/v2\/product"}],"about":[{"href":"https:\/\/www.rannakuteraapia.ee\/test\/wp-json\/wp\/v2\/types\/product"}],"wp:featuredmedia":[{"embeddable":true,"href":"https:\/\/www.rannakuteraapia.ee\/test\/wp-json\/wp\/v2\/media\/1164"}],"wp:attachment":[{"href":"https:\/\/www.rannakuteraapia.ee\/test\/wp-json\/wp\/v2\/media?parent=583"}],"wp:term":[{"taxonomy":"product_brand","embeddable":true,"href":"https:\/\/www.rannakuteraapia.ee\/test\/wp-json\/wp\/v2\/product_brand?post=583"},{"taxonomy":"product_cat","embeddable":true,"href":"https:\/\/www.rannakuteraapia.ee\/test\/wp-json\/wp\/v2\/product_cat?post=583"},{"taxonomy":"product_tag","embeddable":true,"href":"https:\/\/www.rannakuteraapia.ee\/test\/wp-json\/wp\/v2\/product_tag?post=583"}],"curies":[{"name":"wp","href":"https:\/\/api.w.org\/{rel}","templated":true}]}}